{"id":10,"date":"2017-11-12T14:22:11","date_gmt":"2017-11-12T13:22:11","guid":{"rendered":"http:\/\/human-axis.com\/?page_id=10"},"modified":"2023-10-17T09:24:29","modified_gmt":"2023-10-17T07:24:29","slug":"blog","status":"publish","type":"page","link":"https:\/\/human-axis.com\/index.php\/blog\/","title":{"rendered":"L&#8217;Engagement data driven"},"content":{"rendered":"<p>Objectif data : d\u00e9tecter les meilleurs leviers, simuler leur impact, \u00e9tablir les objectifs et engager l&#8217;action.<\/p>\n<p>Mobiliser l&#8217;exp\u00e9rience humaine et son pouvoir de synth\u00e8se au travers des mesures d&#8217;engagement c&#8217;est l&#8217;assurance de trouver des r\u00e9sultats efficaces pour :<\/p>\n<ul>\n<li><strong><a href=\"https:\/\/human-axis.com\/index.php\/lengagement-de-lorganisation\/\">Les employ\u00e9s et les professionnels dans leur exp\u00e9rience au travail<\/a><\/strong><\/li>\n<li><strong><a href=\"https:\/\/human-axis.com\/index.php\/lengagement-client-global-crm\/\">Les clients au plus pr\u00e8s de leurs valeurs et de leurs motivations<\/a><\/strong><\/li>\n<li><strong><a href=\"https:\/\/human-axis.com\/index.php\/la-communaute-les-citoyens\/\">Les citoyens, les usagers, les parents, les \u00e9tudiants &#8230;\u00a0<\/a><\/strong><\/li>\n<\/ul>\n<h6 style=\"padding-left: 40px; text-align: center;\"><span style=\"color: #3366ff;\"><strong>Mieux que leur satisfaction, plus que leurs demandes, la sinc\u00e9rit\u00e9 de leur exp\u00e9rience collective et leurs valeurs.<\/strong><\/span><\/h6>\n","protected":false},"excerpt":{"rendered":"<p>Objectif data : d\u00e9tecter les meilleurs leviers, simuler leur impact, \u00e9tablir les objectifs et engager l&#8217;action. Mobiliser l&#8217;exp\u00e9rience humaine et son pouvoir de synth\u00e8se au travers des mesures d&#8217;engagement c&#8217;est l&#8217;assurance de trouver des r\u00e9sultats efficaces pour : Les employ\u00e9s et les professionnels dans leur exp\u00e9rience au travail Les clients &hellip;<\/p>\n","protected":false},"author":1,"featured_media":6,"parent":0,"menu_order":0,"comment_status":"closed","ping_status":"closed","template":"","meta":{"_exactmetrics_skip_tracking":false,"_exactmetrics_sitenote_active":false,"_exactmetrics_sitenote_note":"","_exactmetrics_sitenote_category":0,"footnotes":""},"class_list":["post-10","page","type-page","status-publish","has-post-thumbnail","hentry"],"_links":{"self":[{"href":"https:\/\/human-axis.com\/index.php\/wp-json\/wp\/v2\/pages\/10","targetHints":{"allow":["GET"]}}],"collection":[{"href":"https:\/\/human-axis.com\/index.php\/wp-json\/wp\/v2\/pages"}],"about":[{"href":"https:\/\/human-axis.com\/index.php\/wp-json\/wp\/v2\/types\/page"}],"author":[{"embeddable":true,"href":"https:\/\/human-axis.com\/index.php\/wp-json\/wp\/v2\/users\/1"}],"replies":[{"embeddable":true,"href":"https:\/\/human-axis.com\/index.php\/wp-json\/wp\/v2\/comments?post=10"}],"version-history":[{"count":12,"href":"https:\/\/human-axis.com\/index.php\/wp-json\/wp\/v2\/pages\/10\/revisions"}],"predecessor-version":[{"id":393,"href":"https:\/\/human-axis.com\/index.php\/wp-json\/wp\/v2\/pages\/10\/revisions\/393"}],"wp:featuredmedia":[{"embeddable":true,"href":"https:\/\/human-axis.com\/index.php\/wp-json\/wp\/v2\/media\/6"}],"wp:attachment":[{"href":"https:\/\/human-axis.com\/index.php\/wp-json\/wp\/v2\/media?parent=10"}],"curies":[{"name":"wp","href":"https:\/\/api.w.org\/{rel}","templated":true}]}}