{"id":181,"date":"2021-05-14T21:03:24","date_gmt":"2021-05-14T19:03:24","guid":{"rendered":"https:\/\/human-axis.com\/?page_id=181"},"modified":"2025-04-14T19:47:15","modified_gmt":"2025-04-14T17:47:15","slug":"solutions-digitales","status":"publish","type":"page","link":"https:\/\/human-axis.com\/index.php\/solutions-digitales\/","title":{"rendered":"Solutions digitales"},"content":{"rendered":"\n<p>Boostez vos <strong>performances commerciales<\/strong> gr\u00e2ce \u00e0 l\u2019approche Digital Advisor : l\u2019IA du lien collaboratif avec les clients. Augmentez \u00e0 la fois l\u2019Engagement Client et les taux de conversion !<\/p>\n\n\n\n<p>Selon l&#8217;enqu\u00eate PMI, 52% des projets des entreprises connaissent des d\u00e9rives sur les objectifs et m\u00eame 32% s \u00e9chouent ! Pilotez le facteur humain pour la<strong> r\u00e9ussite de vos projets<\/strong> avec Engametrix : anticipez les risques manag\u00e9riaux \u00e0 l&#8217;aide de nos indicateurs avanc\u00e9s et identifiez les mesures pr\u00e9ventives.<\/p>\n\n\n\n<p>Lib\u00e9rez la puissance du collectif avec notre approche data de la transformation culturelle. Nos outils diagnostiques sont en prise directe avec le pilotage du changement et notre accompagnement vous aidera \u00e0 embrayer pour valoriser votre meilleur actif immat\u00e9riel :<strong> votre culture d&#8217;entreprise<\/strong>. <\/p>\n\n\n\n<p>BREAKING NEWS : notre application <strong>CULTURE MATE<\/strong> en SaaS est disponible, <a href=\"https:\/\/human-axis.com\/index.php\/contact\/\" data-type=\"page\" data-id=\"9\">contactez nous pour une d\u00e9mo<\/a> !<\/p>\n\n\n\n<p><\/p>\n\n\n\n<p><\/p>\n","protected":false},"excerpt":{"rendered":"<p>Boostez vos performances commerciales gr\u00e2ce \u00e0 l\u2019approche Digital Advisor : l\u2019IA du lien collaboratif avec les clients. Augmentez \u00e0 la fois l\u2019Engagement Client et les taux de conversion ! Selon l&#8217;enqu\u00eate PMI, 52% des projets des entreprises connaissent des d\u00e9rives sur les objectifs et m\u00eame 32% s \u00e9chouent ! Pilotez &hellip;<\/p>\n","protected":false},"author":1,"featured_media":0,"parent":0,"menu_order":0,"comment_status":"closed","ping_status":"closed","template":"","meta":{"_exactmetrics_skip_tracking":false,"_exactmetrics_sitenote_active":false,"_exactmetrics_sitenote_note":"","_exactmetrics_sitenote_category":0,"footnotes":""},"class_list":["post-181","page","type-page","status-publish","hentry"],"_links":{"self":[{"href":"https:\/\/human-axis.com\/index.php\/wp-json\/wp\/v2\/pages\/181","targetHints":{"allow":["GET"]}}],"collection":[{"href":"https:\/\/human-axis.com\/index.php\/wp-json\/wp\/v2\/pages"}],"about":[{"href":"https:\/\/human-axis.com\/index.php\/wp-json\/wp\/v2\/types\/page"}],"author":[{"embeddable":true,"href":"https:\/\/human-axis.com\/index.php\/wp-json\/wp\/v2\/users\/1"}],"replies":[{"embeddable":true,"href":"https:\/\/human-axis.com\/index.php\/wp-json\/wp\/v2\/comments?post=181"}],"version-history":[{"count":14,"href":"https:\/\/human-axis.com\/index.php\/wp-json\/wp\/v2\/pages\/181\/revisions"}],"predecessor-version":[{"id":404,"href":"https:\/\/human-axis.com\/index.php\/wp-json\/wp\/v2\/pages\/181\/revisions\/404"}],"wp:attachment":[{"href":"https:\/\/human-axis.com\/index.php\/wp-json\/wp\/v2\/media?parent=181"}],"curies":[{"name":"wp","href":"https:\/\/api.w.org\/{rel}","templated":true}]}}