{"id":311,"date":"2023-10-05T18:57:39","date_gmt":"2023-10-05T16:57:39","guid":{"rendered":"https:\/\/human-axis.com\/?page_id=311"},"modified":"2025-12-07T11:18:46","modified_gmt":"2025-12-07T10:18:46","slug":"la-rse-une-force-de-cohesion-massive","status":"publish","type":"page","link":"https:\/\/human-axis.com\/index.php\/la-rse-une-force-de-cohesion-massive\/","title":{"rendered":"La RSE une force de coh\u00e9sion massive"},"content":{"rendered":"\n<p><font dir=\"auto\" style=\"vertical-align: inherit;\"><font dir=\"auto\" style=\"vertical-align: inherit;\">Il arrive que la politique RSE offre quelques avantages aux les collaborateurs pour des gains rapides en attributs de la marque-employeur.<\/font><\/font><\/p>\n\n\n\n<p><font dir=\"auto\" style=\"vertical-align: inherit;\"><font dir=\"auto\" style=\"vertical-align: inherit;\">\u00a0Mais Il arrive que les efforts pour am\u00e9liorer les bilans RSE soient vus comme une contrainte r\u00e9glementaire de plus : entre norme technique et plan comptable &#8211; \u00e0 la diff\u00e9rence qu&#8217;ils sont repris dans la communication de l&#8217;entreprise et les <\/font><\/font><em><font dir=\"auto\" style=\"vertical-align: inherit;\"><font dir=\"auto\" style=\"vertical-align: inherit;\">tableaux de bord<\/font><\/font><\/em><font dir=\"auto\" style=\"vertical-align: inherit;\"><font dir=\"auto\" style=\"vertical-align: inherit;\"> du Comex.<\/font><\/font><\/p>\n\n\n\n<p>&nbsp;Il arrive m\u00eame \u2013 parfois &#8211; que la RSE soit per\u00e7ue comme un alibi qui int\u00e9resse surtout ses promoteurs et diffuse l\u2019impression d\u2019une surdit\u00e9 volontaire aux autres questions, creusant ainsi la distance entre le management et les collaborateurs.&nbsp;<\/p>\n\n\n\n<p><strong>&nbsp; Votre culture : le moteur silencieux de l\u2019efficacit\u00e9<\/strong><\/p>\n\n\n\n<p>Pourtant, depuis le v\u00e9lo, le co-voiturage, le cuisiner collectif, la cr\u00e8che ponctuelle ou les bilans sociaux,&nbsp;jusqu\u2019\u00e0 l\u2019empreinte carbone, le <em>sourcing<\/em> et l\u2019optimisation des intrants<strong>, <\/strong>la RSE prend corps, installe son langage et ses rituels et <em>in fine <\/em>se greffe \u00e0 la culture de l\u2019entreprise.<\/p>\n\n\n\n<p><strong>Si la greffe prend<\/strong>, alors ses actions dopent les \u00e9changes et la collaboration pour favoriser l\u2019engagement dans une culture forte, ouverte, intense et inclusive. <strong>Si elle est rejet\u00e9e<\/strong>, on aura fait un pas vers la dispersion sociale.<\/p>\n\n\n\n<p>Notre plateforme <em>Culture IA <\/em>d\u00e9tecte les points d&#8217;appui et les points de friction de votre Culture avec les actions RSE <strong>pour un double b\u00e9n\u00e9fice&nbsp;<\/strong>: la politique RSE devient plus efficace et la culture d\u2019entreprise plus performante. Au-del\u00e0 des <em>contraintes et des modes, <\/em>vous rentabilisez pleinement votre politique RSE en l\u2019alignant avec le projet de l\u2019entreprise et avec ses valeurs r\u00e9elles.<\/p>\n\n\n\n<div class=\"wp-block-media-text alignwide has-media-on-the-right is-stacked-on-mobile\" style=\"grid-template-columns:auto 19%\"><div class=\"wp-block-media-text__content\">\n<h6 class=\"wp-block-heading has-text-align-center\"><strong>Pour en savoir plus, laissez un message sur la <\/strong><a href=\"https:\/\/human-axis.com\/index.php\/contact\/\">FICHE CONTACT<\/a><\/h6>\n<\/div><figure class=\"wp-block-media-text__media\"><a href=\"https:\/\/human-axis.com\/index.php\/les-eclaireurs\/\"><img loading=\"lazy\" decoding=\"async\" width=\"1024\" height=\"731\" src=\"https:\/\/human-axis.com\/wp-content\/uploads\/2023\/02\/Cre\u00a6ua-Eclaireurs_Page_16-1024x731.jpg\" alt=\"\" class=\"wp-image-249 size-full\" srcset=\"https:\/\/human-axis.com\/wp-content\/uploads\/2023\/02\/Cre\u00a6ua-Eclaireurs_Page_16-1024x731.jpg 1024w, https:\/\/human-axis.com\/wp-content\/uploads\/2023\/02\/Cre\u00a6ua-Eclaireurs_Page_16-300x214.jpg 300w, https:\/\/human-axis.com\/wp-content\/uploads\/2023\/02\/Cre\u00a6ua-Eclaireurs_Page_16-768x549.jpg 768w, https:\/\/human-axis.com\/wp-content\/uploads\/2023\/02\/Cre\u00a6ua-Eclaireurs_Page_16-1536x1097.jpg 1536w, https:\/\/human-axis.com\/wp-content\/uploads\/2023\/02\/Cre\u00a6ua-Eclaireurs_Page_16-2048x1463.jpg 2048w, https:\/\/human-axis.com\/wp-content\/uploads\/2023\/02\/Cre\u00a6ua-Eclaireurs_Page_16-458x327.jpg 458w\" sizes=\"auto, (max-width: 1024px) 100vw, 1024px\" \/><\/a><\/figure><\/div>\n\n\n\n<p><\/p>\n","protected":false},"excerpt":{"rendered":"<p>Il arrive que la politique RSE offre quelques avantages aux les collaborateurs pour des gains rapides en attributs de la marque-employeur. \u00a0Mais Il arrive que les efforts pour am\u00e9liorer les bilans RSE soient vus comme une contrainte r\u00e9glementaire de plus : entre norme technique et plan comptable &#8211; \u00e0 la &hellip;<\/p>\n","protected":false},"author":1,"featured_media":0,"parent":0,"menu_order":0,"comment_status":"closed","ping_status":"closed","template":"","meta":{"_exactmetrics_skip_tracking":false,"_exactmetrics_sitenote_active":false,"_exactmetrics_sitenote_note":"","_exactmetrics_sitenote_category":0,"footnotes":""},"class_list":["post-311","page","type-page","status-publish","hentry"],"_links":{"self":[{"href":"https:\/\/human-axis.com\/index.php\/wp-json\/wp\/v2\/pages\/311","targetHints":{"allow":["GET"]}}],"collection":[{"href":"https:\/\/human-axis.com\/index.php\/wp-json\/wp\/v2\/pages"}],"about":[{"href":"https:\/\/human-axis.com\/index.php\/wp-json\/wp\/v2\/types\/page"}],"author":[{"embeddable":true,"href":"https:\/\/human-axis.com\/index.php\/wp-json\/wp\/v2\/users\/1"}],"replies":[{"embeddable":true,"href":"https:\/\/human-axis.com\/index.php\/wp-json\/wp\/v2\/comments?post=311"}],"version-history":[{"count":16,"href":"https:\/\/human-axis.com\/index.php\/wp-json\/wp\/v2\/pages\/311\/revisions"}],"predecessor-version":[{"id":1128,"href":"https:\/\/human-axis.com\/index.php\/wp-json\/wp\/v2\/pages\/311\/revisions\/1128"}],"wp:attachment":[{"href":"https:\/\/human-axis.com\/index.php\/wp-json\/wp\/v2\/media?parent=311"}],"curies":[{"name":"wp","href":"https:\/\/api.w.org\/{rel}","templated":true}]}}