{"id":325,"date":"2023-10-11T15:24:01","date_gmt":"2023-10-11T13:24:01","guid":{"rendered":"https:\/\/human-axis.com\/?page_id=325"},"modified":"2023-10-17T09:11:36","modified_gmt":"2023-10-17T07:11:36","slug":"les-eclaireurs","status":"publish","type":"page","link":"https:\/\/human-axis.com\/index.php\/les-eclaireurs\/","title":{"rendered":"Les \u00c9claireurs"},"content":{"rendered":"\n<p>Les \u00c9claireurs sont un groupe de consultants qui d\u00e9ploient leur activit\u00e9 en s&#8217;appuyant sur les outils de pilotage de la culture de <strong><a href=\"https:\/\/human-axis.com\/index.php\/a-propos-de\/\">human-axis<\/a><\/strong>. Plus pr\u00e9cis\u00e9ment, ils trouvent dans la culture des entreprises o\u00f9 ils interviennent les moyens de d\u00e9bloquer ou de booster les projets de leurs clients. En plus de leur domaine propre &#8211; accompagnement de la transformation, RSE, strat\u00e9gie, communication &#8230; &#8211; ils ma\u00eetrisent parfaitement l&#8217;utilisation des <em>cartes de culture<\/em> pour rep\u00e9rer les points d&#8217;appuis et faire \u00e9voluer les points de frictions de vos projets.<\/p>\n\n\n\n<div class=\"wp-block-buttons is-layout-flex wp-block-buttons-is-layout-flex\">\n<div class=\"wp-block-button is-style-fill\"><a class=\"wp-block-button__link wp-element-button\" href=\"https:\/\/human-axis.com\/index.php\/developpeurs-davenir-durable\/\" target=\"_blank\" rel=\"noreferrer noopener\">D\u00e9veloppeurs d&#8217;avenir durable<\/a><\/div>\n<\/div>\n\n\n\n<div class=\"wp-block-buttons is-layout-flex wp-block-buttons-is-layout-flex\">\n<div class=\"wp-block-button\"><a class=\"wp-block-button__link wp-element-button\" href=\"https:\/\/human-axis.com\/index.php\/la-rse-une-force-de-cohesion-massive\/\" target=\"_blank\" rel=\"noreferrer noopener\">La RSE force de coh\u00e9sion massive<\/a><\/div>\n<\/div>\n\n\n\n<div class=\"wp-block-buttons is-layout-flex wp-block-buttons-is-layout-flex\">\n<div class=\"wp-block-button\"><a class=\"wp-block-button__link wp-element-button\" href=\"https:\/\/human-axis.com\/index.php\/le-blog-de-phil\/\" target=\"_blank\" rel=\"noreferrer noopener\">Le blog de Phil<\/a><\/div>\n<\/div>\n\n\n\n<p><\/p>\n\n\n\n<div class=\"wp-block-media-text alignwide has-media-on-the-right is-stacked-on-mobile\" style=\"grid-template-columns:auto 19%\"><div class=\"wp-block-media-text__content\">\n<h6 class=\"has-text-align-center wp-block-heading\">Pour en savoir plus, laissez un message sur la <a href=\"https:\/\/human-axis.com\/index.php\/contact\/\">FICHE CONTACT<\/a><\/h6>\n<\/div><figure class=\"wp-block-media-text__media\"><a href=\"https:\/\/human-axis.com\/index.php\/contact\/\"><img loading=\"lazy\" decoding=\"async\" width=\"1024\" height=\"731\" src=\"https:\/\/human-axis.com\/wp-content\/uploads\/2023\/02\/Cre\u00a6ua-Eclaireurs_Page_16-1024x731.jpg\" alt=\"\" class=\"wp-image-249 size-full\" srcset=\"https:\/\/human-axis.com\/wp-content\/uploads\/2023\/02\/Cre\u00a6ua-Eclaireurs_Page_16-1024x731.jpg 1024w, https:\/\/human-axis.com\/wp-content\/uploads\/2023\/02\/Cre\u00a6ua-Eclaireurs_Page_16-300x214.jpg 300w, https:\/\/human-axis.com\/wp-content\/uploads\/2023\/02\/Cre\u00a6ua-Eclaireurs_Page_16-768x549.jpg 768w, https:\/\/human-axis.com\/wp-content\/uploads\/2023\/02\/Cre\u00a6ua-Eclaireurs_Page_16-1536x1097.jpg 1536w, https:\/\/human-axis.com\/wp-content\/uploads\/2023\/02\/Cre\u00a6ua-Eclaireurs_Page_16-2048x1463.jpg 2048w, https:\/\/human-axis.com\/wp-content\/uploads\/2023\/02\/Cre\u00a6ua-Eclaireurs_Page_16-458x327.jpg 458w\" sizes=\"auto, (max-width: 1024px) 100vw, 1024px\" \/><\/a><\/figure><\/div>\n","protected":false},"excerpt":{"rendered":"<p>Les \u00c9claireurs sont un groupe de consultants qui d\u00e9ploient leur activit\u00e9 en s&#8217;appuyant sur les outils de pilotage de la culture de human-axis. Plus pr\u00e9cis\u00e9ment, ils trouvent dans la culture des entreprises o\u00f9 ils interviennent les moyens de d\u00e9bloquer ou de booster les projets de leurs clients. En plus de &hellip;<\/p>\n","protected":false},"author":1,"featured_media":0,"parent":0,"menu_order":0,"comment_status":"closed","ping_status":"closed","template":"","meta":{"_exactmetrics_skip_tracking":false,"_exactmetrics_sitenote_active":false,"_exactmetrics_sitenote_note":"","_exactmetrics_sitenote_category":0,"footnotes":""},"class_list":["post-325","page","type-page","status-publish","hentry"],"_links":{"self":[{"href":"https:\/\/human-axis.com\/index.php\/wp-json\/wp\/v2\/pages\/325","targetHints":{"allow":["GET"]}}],"collection":[{"href":"https:\/\/human-axis.com\/index.php\/wp-json\/wp\/v2\/pages"}],"about":[{"href":"https:\/\/human-axis.com\/index.php\/wp-json\/wp\/v2\/types\/page"}],"author":[{"embeddable":true,"href":"https:\/\/human-axis.com\/index.php\/wp-json\/wp\/v2\/users\/1"}],"replies":[{"embeddable":true,"href":"https:\/\/human-axis.com\/index.php\/wp-json\/wp\/v2\/comments?post=325"}],"version-history":[{"count":21,"href":"https:\/\/human-axis.com\/index.php\/wp-json\/wp\/v2\/pages\/325\/revisions"}],"predecessor-version":[{"id":387,"href":"https:\/\/human-axis.com\/index.php\/wp-json\/wp\/v2\/pages\/325\/revisions\/387"}],"wp:attachment":[{"href":"https:\/\/human-axis.com\/index.php\/wp-json\/wp\/v2\/media?parent=325"}],"curies":[{"name":"wp","href":"https:\/\/api.w.org\/{rel}","templated":true}]}}