{"id":63,"date":"2017-11-13T00:42:16","date_gmt":"2017-11-12T23:42:16","guid":{"rendered":"http:\/\/human-axis.com\/?page_id=63"},"modified":"2023-04-07T20:23:06","modified_gmt":"2023-04-07T18:23:06","slug":"lengagement-de-lorganisation","status":"publish","type":"page","link":"https:\/\/human-axis.com\/index.php\/lengagement-de-lorganisation\/","title":{"rendered":"L&#8217;Engagement de l&#8217;organisation"},"content":{"rendered":"<p>Quand le\u00a0d\u00e9sengagement passe sous les radars classiques que sont les indicateurs de <em>Turn Over<\/em>, <em>Absent\u00e9isme<\/em>, <em>Retards de prise de poste<\/em>. Quand\u00a0 les nouvelles m\u00e9thodes de management reposent\u00a0sur l\u2019initiative plus que sur le contr\u00f4le &#8230; \u00a0l\u2019approche exp\u00e9rientielle de l\u2019Engagement des collaborateurs\u00a0 offre un dispositif de pilotage sur mesure de la marque employeur tandis que les managers deviennent\u00a0fournisseurs de \u00ab\u00a0marque employ\u00e9\u00a0\u00bb.<\/p>\n<p><img loading=\"lazy\" decoding=\"async\" class=\" wp-image-135 alignleft\" src=\"https:\/\/human-axis.com\/wp-content\/uploads\/2017\/11\/EngagementW-300x220.png\" alt=\"\" width=\"284\" height=\"209\" srcset=\"https:\/\/human-axis.com\/wp-content\/uploads\/2017\/11\/EngagementW-300x220.png 300w, https:\/\/human-axis.com\/wp-content\/uploads\/2017\/11\/EngagementW-768x564.png 768w, https:\/\/human-axis.com\/wp-content\/uploads\/2017\/11\/EngagementW-1024x752.png 1024w, https:\/\/human-axis.com\/wp-content\/uploads\/2017\/11\/EngagementW-458x336.png 458w, https:\/\/human-axis.com\/wp-content\/uploads\/2017\/11\/EngagementW-477x350.png 477w, https:\/\/human-axis.com\/wp-content\/uploads\/2017\/11\/EngagementW.png 1124w\" sizes=\"auto, (max-width: 284px) 100vw, 284px\" \/><\/p>\n<p>Pour la m\u00e9trique de l\u2019Engagement, les collaborateurs synth\u00e9tisent une <strong>information de haute valeur<\/strong> : ce qu\u2019ils ressentent de leur exp\u00e9rience au travail. Au croisement du collectif et de l\u2019individuel ils dessinent ainsi la carte commune de l&#8217;organisation.<\/p>\n<p>La plateforme interactive <em>engagement analytics<\/em> en ligne permet de visualiser les points forts et les priorit\u00e9s pour toutes les actions cibl\u00e9es &#8211; puis de simuler leur impact.<\/p>\n<p>Seuls des outils statistiques et <em>data<\/em> de pointe permettent la compr\u00e9hension partag\u00e9e et apais\u00e9e des faits. Comment interpr\u00e9ter les diff\u00e9rences entre BU, augmenter la motivation des \u00e9quipes, (re)fonder la culture commune et avancer dans la m\u00eame direction\u00a0?<\/p>\n<p><strong><em>human-axis<\/em><\/strong> a collect\u00e9 des dizaines de milliers d\u2019interviews depuis 2011 et offre des garanties de cr\u00e9dibilit\u00e9 et de confidentialit\u00e9 propres \u00e0 recueillir l\u2019assentiment des partenaires tant pour la collecte des informations que pour la solidit\u00e9 et la transparence de ses analyses.<\/p>\n<p>Pour structurer les actions de politique RH, d&#8217;information et de formation des managers qui font les leviers de l&#8217;Engagement &#8211; la plate-forme\u00a0<strong><em>human-axis<\/em><\/strong> quantifie les buts, hi\u00e9rarchise les priorit\u00e9s et simule les actions pour en assurer la pilotage.<\/p>\n<p>Mesurer l&#8217;engagement des collaborateurs c&#8217;est mesurer de fa\u00e7on d\u00e9taill\u00e9e l&#8217;engagement de l&#8217;entreprise et d\u00e9tecter les<em> drivers<\/em> de la performance et du bien-\u00eatre. Pour plus de d\u00e9tails, voir notre <strong><a href=\"https:\/\/www.lagazettedescommunes.com\/820564\/il-ny-a-pas-de-fatalite-a-ce-que-les-ehpad-soient-en-crise-et-leurs-personnels-en-souffrance\/\"><span style=\"color: #0000ff;\">interview dans la Gazette<\/span><\/a><\/strong> et l&#8217;article sur <a href=\"http:\/\/archives.lesechos.fr\/archives\/cercle\/2016\/12\/20\/cercle_164060.htm\"><span style=\"color: #0000ff;\">l&#8217;engagement dans les Echos.fr.<\/span><\/a><\/p>\n<p><strong>CULTURES D&#8217;ENTREPRISES<\/strong><\/p>\n<p>Le module de diagnostic culturel <strong><em>human-axis<\/em><\/strong> donne acc\u00e8s aux leviers collectifs au c\u0153ur de notre vision de l&#8217;engagement.<\/p>\n<p><img loading=\"lazy\" decoding=\"async\" class=\"size-medium wp-image-90 alignleft\" src=\"https:\/\/human-axis.com\/wp-content\/uploads\/2017\/11\/Culture-223x300.jpg\" alt=\"\" width=\"223\" height=\"300\" srcset=\"https:\/\/human-axis.com\/wp-content\/uploads\/2017\/11\/Culture-223x300.jpg 223w, https:\/\/human-axis.com\/wp-content\/uploads\/2017\/11\/Culture-260x350.jpg 260w, https:\/\/human-axis.com\/wp-content\/uploads\/2017\/11\/Culture.jpg 336w\" sizes=\"auto, (max-width: 223px) 100vw, 223px\" \/><\/p>\n<p><strong><em>human-axis<\/em><\/strong> a synth\u00e9tis\u00e9 8 ann\u00e9es d&#8217;exp\u00e9rience de mesure d\u00e9taill\u00e9es des cultures d&#8217;entreprises en France et \u00e0 l&#8217;international pour adjoindre \u00e0 la m\u00e9trique de l&#8217;engagement un module de <em><u>scan de la culture de l&#8217;entreprise<\/u><\/em>\u00a0afin de dessiner le chemin le plus efficace.<\/p>\n<p>Les leviers de la transformation culturelle sont parmi les plus efficaces, car prendre conscience ensemble des traits saillants de sa culture est le meilleur moyen de partager la volont\u00e9 de changement. C&#8217;est aussi l\u00e0 qu&#8217;on dispose de r\u00e9serves importantes car ils sont mal connus et peu utilis\u00e9s.<\/p>\n<p>La carte du syst\u00e8me d&#8217;interdits et d&#8217;obligations qui soutient la culture, met imm\u00e9diatement en \u00e9vidence les embrayeurs et les r\u00e9sistances au projet d&#8217;entreprise et \u00e0 l&#8217;engagement. Montrer la carte, c&#8217;est d\u00e9j\u00e0 faire comprendre \u00e0 chacun la responsabilit\u00e9 de tous et donner \u00e0 tous acc\u00e8s au changement collectif.<\/p>\n<p>La culture, c&#8217;est souvent ce qu&#8217;on essaye quand on a rencontr\u00e9 des probl\u00e8mes ! Dommage, votre culture est un actif immat\u00e9riel qui se g\u00e8re comme tous les autres &#8211; ce n&#8217;est pas seulement un risque mais offre des opportunit\u00e9s. Voir notre article sur <span style=\"color: #0101df;\"><em><strong><a href=\"http:\/\/archives.lesechos.fr\/archives\/cercle\/2015\/02\/19\/cercle_124196.htm\">les cultures d&#8217;entreprises.<\/a><\/strong><\/em><\/span><\/p>\n<p><strong>Valeurs m\u00e9tiers &#8211; le test CARMA<br \/>\n<\/strong><\/p>\n<p>Chaque m\u00e9tier a sa hi\u00e9rarchie des valeurs, qui d\u00e9veloppe chez ses adeptes un ethos professionnel particulier. Un collaborateur engag\u00e9, a d&#8217;abord le sentiment &#8211; renvoy\u00e9 par sa culture &#8211; d&#8217;\u00eatre \u00e0 la bonne place selon ses id\u00e9aux et sa mani\u00e8re de voir les priorit\u00e9s de son action.<\/p>\n<p><img loading=\"lazy\" decoding=\"async\" class=\"size-medium wp-image-116 aligncenter\" src=\"https:\/\/human-axis.com\/wp-content\/uploads\/2017\/11\/CARMA-300x212.jpg\" alt=\"\" width=\"300\" height=\"212\" srcset=\"https:\/\/human-axis.com\/wp-content\/uploads\/2017\/11\/CARMA-300x212.jpg 300w, https:\/\/human-axis.com\/wp-content\/uploads\/2017\/11\/CARMA-768x543.jpg 768w, https:\/\/human-axis.com\/wp-content\/uploads\/2017\/11\/CARMA-1024x724.jpg 1024w, https:\/\/human-axis.com\/wp-content\/uploads\/2017\/11\/CARMA-458x324.jpg 458w, https:\/\/human-axis.com\/wp-content\/uploads\/2017\/11\/CARMA-495x350.jpg 495w, https:\/\/human-axis.com\/wp-content\/uploads\/2017\/11\/CARMA.jpg 1754w\" sizes=\"auto, (max-width: 300px) 100vw, 300px\" \/><\/p>\n<p>Le test CARMA donne \u00e0 chacun l&#8217;occasion de mesurer les composantes de son ethos professionnel. Plus encore, il fonde une m\u00e9diation culturelle salutaire en rep\u00e9rant les diff\u00e9rences de valeurs entre les m\u00e9tiers : source d&#8217;enrichissement mais \u00f4 combien de perte de temps et d&#8217;incompr\u00e9hensions. Comprendre les priorit\u00e9s de l&#8217;autre et leur l\u00e9gitimit\u00e9, c&#8217;est pouvoir profiter pleinement de la diversit\u00e9 des points de vue dans une \u00e9quipe projet. Et m\u00eame comprendre que tous les projets ont besoin de profils diff\u00e9rents pour \u00eatre men\u00e9s \u00e0 bien.<\/p>\n","protected":false},"excerpt":{"rendered":"<p>Quand le\u00a0d\u00e9sengagement passe sous les radars classiques que sont les indicateurs de Turn Over, Absent\u00e9isme, Retards de prise de poste. Quand\u00a0 les nouvelles m\u00e9thodes de management reposent\u00a0sur l\u2019initiative plus que sur le contr\u00f4le &#8230; \u00a0l\u2019approche exp\u00e9rientielle de l\u2019Engagement des collaborateurs\u00a0 offre un dispositif de pilotage sur mesure de la marque &hellip;<\/p>\n","protected":false},"author":1,"featured_media":0,"parent":0,"menu_order":0,"comment_status":"closed","ping_status":"closed","template":"","meta":{"_exactmetrics_skip_tracking":false,"_exactmetrics_sitenote_active":false,"_exactmetrics_sitenote_note":"","_exactmetrics_sitenote_category":0,"footnotes":""},"class_list":["post-63","page","type-page","status-publish","hentry"],"_links":{"self":[{"href":"https:\/\/human-axis.com\/index.php\/wp-json\/wp\/v2\/pages\/63","targetHints":{"allow":["GET"]}}],"collection":[{"href":"https:\/\/human-axis.com\/index.php\/wp-json\/wp\/v2\/pages"}],"about":[{"href":"https:\/\/human-axis.com\/index.php\/wp-json\/wp\/v2\/types\/page"}],"author":[{"embeddable":true,"href":"https:\/\/human-axis.com\/index.php\/wp-json\/wp\/v2\/users\/1"}],"replies":[{"embeddable":true,"href":"https:\/\/human-axis.com\/index.php\/wp-json\/wp\/v2\/comments?post=63"}],"version-history":[{"count":19,"href":"https:\/\/human-axis.com\/index.php\/wp-json\/wp\/v2\/pages\/63\/revisions"}],"predecessor-version":[{"id":300,"href":"https:\/\/human-axis.com\/index.php\/wp-json\/wp\/v2\/pages\/63\/revisions\/300"}],"wp:attachment":[{"href":"https:\/\/human-axis.com\/index.php\/wp-json\/wp\/v2\/media?parent=63"}],"curies":[{"name":"wp","href":"https:\/\/api.w.org\/{rel}","templated":true}]}}