{"id":85,"date":"2017-11-13T13:21:22","date_gmt":"2017-11-13T12:21:22","guid":{"rendered":"http:\/\/human-axis.com\/?page_id=85"},"modified":"2021-05-16T16:42:15","modified_gmt":"2021-05-16T14:42:15","slug":"la-communaute-les-citoyens","status":"publish","type":"page","link":"https:\/\/human-axis.com\/index.php\/la-communaute-les-citoyens\/","title":{"rendered":"La communaut\u00e9 &#8211; les citoyens"},"content":{"rendered":"<p><strong><u>Engagement des citoyens, l\u2019entreprise dans le monde\u00a0: aspirations et modes de vie<\/u><\/strong><\/p>\n<p>Les mesures exp\u00e9rientielles concernent tous les aspects de la vie humaine\u00a0: citoyens, consommateurs, parents &#8230; Elles abordent les <strong>questions soci\u00e9tales<\/strong> de votre domaine d&#8217;activit\u00e9 pour en cartographier les exp\u00e9riences, les aspirations et les enjeux. Faisons un <em>vrai sondage*<\/em> pour atteindre trois objectifs :<\/p>\n<ol>\n<li>Les <strong>connaissances strat\u00e9giques<\/strong> sur les enjeux et les \u00e9volutions dans votre domaine<\/li>\n<li>Une <strong>communication d&#8217;influence et de notori\u00e9t\u00e9<\/strong> avec la r\u00e9daction de contenus et des relais media,<\/li>\n<li>Des <strong>connaissances op\u00e9rationnelles<\/strong> par des questions directes au march\u00e9 &#8211; la partie non publi\u00e9e du sondage et leur greffe dans les donn\u00e9es de votre <span style=\"color: #0101df;\"><a href=\"https:\/\/human-axis.com\/index.php\/lengagement-client-global-crm\/\">CRM global <\/a><\/span>ou de l\u2019<em>open data<\/em>.<\/li>\n<\/ol>\n<p>Mod\u00e9liser les r\u00e9ponses dans les donn\u00e9es comportementales de votre base donne des cl\u00e9s surpuissantes pour doper votre CRM pr\u00e9dictif en l\u2019\u00e9clairant avec les enjeux et les motivations<\/p>\n<p>Sondages r\u00e9alis\u00e9s r\u00e9cemment : Sant\u00e9 bucco-dentaires des Fran\u00e7ais, Familles Monoparentales, L&#8217;image de l&#8217;ONCD, L&#8217;innovation chez les salari\u00e9s am\u00e9ricains. Presse : <span style=\"color: #0101df;\"><a href=\"http:\/\/www.lefigaro.fr\/actualite-france\/2016\/06\/02\/01016-20160602ARTFIG00160-familles-monoparentales-80-des-femmes-fieres-d-elever-seules-leurs-enfants.php\"><em>Interview dans le Figaro sur UNIPARENT<\/em><\/a><\/span> \u00a0,\u00a0 <span style=\"color: #0101df;\"><a href=\"http:\/\/www.lesechos.fr\/idees-debats\/cercle\/cercle-164060-lengagement-des-salaries-face-aux-nouveaux-defis-rh-2051826.php\"><em>notre article sur l\u2019Engagement lesEchos.fr<\/em><\/a><\/span><\/p>\n<p><strong><em>* human-axis<\/em><\/strong> poss\u00e8de une expertise r\u00e9put\u00e9e pour la r\u00e9alisation de votre sondage depuis la gestion des terrains jusqu&#8217;\u00e0 la communication, la relation presse et la production de contenus &#8211; mais aussi, pour la partie non publique les recommandations op\u00e9rationnelles classiques d&#8217;une \u00e9tude de march\u00e9.<\/p>\n","protected":false},"excerpt":{"rendered":"<p>Engagement des citoyens, l\u2019entreprise dans le monde\u00a0: aspirations et modes de vie Les mesures exp\u00e9rientielles concernent tous les aspects de la vie humaine\u00a0: citoyens, consommateurs, parents &#8230; Elles abordent les questions soci\u00e9tales de votre domaine d&#8217;activit\u00e9 pour en cartographier les exp\u00e9riences, les aspirations et les enjeux. Faisons un vrai sondage* &hellip;<\/p>\n","protected":false},"author":1,"featured_media":0,"parent":0,"menu_order":0,"comment_status":"closed","ping_status":"closed","template":"","meta":{"_exactmetrics_skip_tracking":false,"_exactmetrics_sitenote_active":false,"_exactmetrics_sitenote_note":"","_exactmetrics_sitenote_category":0,"footnotes":""},"class_list":["post-85","page","type-page","status-publish","hentry"],"_links":{"self":[{"href":"https:\/\/human-axis.com\/index.php\/wp-json\/wp\/v2\/pages\/85","targetHints":{"allow":["GET"]}}],"collection":[{"href":"https:\/\/human-axis.com\/index.php\/wp-json\/wp\/v2\/pages"}],"about":[{"href":"https:\/\/human-axis.com\/index.php\/wp-json\/wp\/v2\/types\/page"}],"author":[{"embeddable":true,"href":"https:\/\/human-axis.com\/index.php\/wp-json\/wp\/v2\/users\/1"}],"replies":[{"embeddable":true,"href":"https:\/\/human-axis.com\/index.php\/wp-json\/wp\/v2\/comments?post=85"}],"version-history":[{"count":5,"href":"https:\/\/human-axis.com\/index.php\/wp-json\/wp\/v2\/pages\/85\/revisions"}],"predecessor-version":[{"id":224,"href":"https:\/\/human-axis.com\/index.php\/wp-json\/wp\/v2\/pages\/85\/revisions\/224"}],"wp:attachment":[{"href":"https:\/\/human-axis.com\/index.php\/wp-json\/wp\/v2\/media?parent=85"}],"curies":[{"name":"wp","href":"https:\/\/api.w.org\/{rel}","templated":true}]}}